{"id":138,"date":"2024-03-05T13:32:29","date_gmt":"2024-03-05T18:32:29","guid":{"rendered":"https:\/\/vegayjaramillo.com\/?page_id=138"},"modified":"2024-03-15T10:38:13","modified_gmt":"2024-03-15T15:38:13","slug":"quienes-somos","status":"publish","type":"page","link":"https:\/\/vegayjaramillo.com\/en\/quienes-somos\/","title":{"rendered":"About us"},"content":{"rendered":"<p>We are an agency that believes in the transformative value of communication. Communication that transforms social realities, opens up business opportunities, strengthens <em>engagement<\/em> with target audiences, and changes organizational cultures.<\/p>\n\n\n\n<p>We are a team of professionals who understand the power of stories. We have developed our own innovative methodology to design and implement strategic narratives in multilateral, governmental, and private organizations. If you tell your central story better, you will increase your narrative capital, which is crucial in times of crisis or new market opportunities.<\/p>\n\n\n\n<p>We combine experience with youth. Our digital strategies offer high engagement and measurable results. At the same time, we use storytelling and current narratives to impact audiences that are changing at a rapid pace.<\/p>\n\n\n\n<p>We are a robust agency, born 18 years ago, but we have not lost our fighting spirit and<em> boutique service<\/em>We commit to each of our clients; we put ourselves in their shoes and truly understand their essence and specific needs.<\/p>","protected":false},"excerpt":{"rendered":"<p>Somos una agencia que cree en el valor transformador de la comunicaci\u00f3n. Una comunicaci\u00f3n que transforma realidades sociales, que abre oportunidades de negocio, que fortalece el engagement con p\u00fablicos objetivo y que cambia culturas organizacionales. Somos un equipo de profesionales que conoce el poder de las historias. Hemos desarrollado una metodolog\u00eda propia e innovadora para [&#8230;]<\/p>\n<p><a class=\"btn btn-secondary understrap-read-more-link\" href=\"https:\/\/vegayjaramillo.com\/en\/quienes-somos\/\">Read More&#8230;<span class=\"screen-reader-text\"> from \u00bfQui\u00e9nes somos?<\/span><\/a><\/p>","protected":false},"author":1,"featured_media":141,"parent":0,"menu_order":0,"comment_status":"closed","ping_status":"closed","template":"quienes-somos.php","meta":{"footnotes":""},"acf":[],"_links":{"self":[{"href":"https:\/\/vegayjaramillo.com\/en\/wp-json\/wp\/v2\/pages\/138"}],"collection":[{"href":"https:\/\/vegayjaramillo.com\/en\/wp-json\/wp\/v2\/pages"}],"about":[{"href":"https:\/\/vegayjaramillo.com\/en\/wp-json\/wp\/v2\/types\/page"}],"author":[{"embeddable":true,"href":"https:\/\/vegayjaramillo.com\/en\/wp-json\/wp\/v2\/users\/1"}],"replies":[{"embeddable":true,"href":"https:\/\/vegayjaramillo.com\/en\/wp-json\/wp\/v2\/comments?post=138"}],"version-history":[{"count":3,"href":"https:\/\/vegayjaramillo.com\/en\/wp-json\/wp\/v2\/pages\/138\/revisions"}],"predecessor-version":[{"id":185,"href":"https:\/\/vegayjaramillo.com\/en\/wp-json\/wp\/v2\/pages\/138\/revisions\/185"}],"wp:featuredmedia":[{"embeddable":true,"href":"https:\/\/vegayjaramillo.com\/en\/wp-json\/wp\/v2\/media\/141"}],"wp:attachment":[{"href":"https:\/\/vegayjaramillo.com\/en\/wp-json\/wp\/v2\/media?parent=138"}],"curies":[{"name":"wp","href":"https:\/\/api.w.org\/{rel}","templated":true}]}}